{"id":3819,"date":"2024-01-25T04:39:31","date_gmt":"2024-01-25T03:39:31","guid":{"rendered":"https:\/\/symbole.art\/contact\/"},"modified":"2025-12-10T08:35:40","modified_gmt":"2025-12-10T07:35:40","slug":"contact","status":"publish","type":"page","link":"https:\/\/symbole.art\/en\/contact\/","title":{"rendered":"Contact"},"content":{"rendered":"\t\t<div data-elementor-type=\"wp-page\" data-elementor-id=\"3819\" class=\"elementor elementor-3819 elementor-1882\">\n\t\t\t\t\t\t<section class=\"elementor-section elementor-top-section elementor-element elementor-element-35e69f0 elementor-section-boxed elementor-section-height-default elementor-section-height-default\" data-id=\"35e69f0\" data-element_type=\"section\">\n\t\t\t\t\t\t<div class=\"elementor-container elementor-column-gap-default\">\n\t\t\t\t\t<div class=\"elementor-column elementor-col-100 elementor-top-column elementor-element elementor-element-d5a9fce\" data-id=\"d5a9fce\" data-element_type=\"column\">\n\t\t\t<div class=\"elementor-widget-wrap elementor-element-populated\">\n\t\t\t\t\t\t<section class=\"elementor-section elementor-inner-section elementor-element elementor-element-a0c7a1d elementor-section-boxed elementor-section-height-default elementor-section-height-default\" data-id=\"a0c7a1d\" data-element_type=\"section\">\n\t\t\t\t\t\t<div class=\"elementor-container elementor-column-gap-default\">\n\t\t\t\t\t<div class=\"elementor-column elementor-col-100 elementor-inner-column elementor-element elementor-element-cb7c5a2\" data-id=\"cb7c5a2\" data-element_type=\"column\">\n\t\t\t<div class=\"elementor-widget-wrap elementor-element-populated\">\n\t\t\t\t\t\t<div class=\"elementor-element elementor-element-4bed28d contact-title elementor-widget elementor-widget-int-sec-title\" data-id=\"4bed28d\" data-element_type=\"widget\" data-widget_type=\"int-sec-title.default\">\n\t\t\t\t<div class=\"elementor-widget-container\">\n\t\t\t\t\t                <div class=\"section-title\">\r\n                            <h5 class=\"sub-title wow fadeInRight\"\r\n                    data-wow-duration=\".7s\">Let&#039;s talk together about the new opportunities Bitcoin offers to the world of digital art<\/h5>\r\n                    <\/div>\r\n    \t\t\t\t<\/div>\n\t\t\t\t<\/div>\n\t\t\t\t<div class=\"elementor-element elementor-element-426e869 elementor-widget elementor-widget-int-sec-title\" data-id=\"426e869\" data-element_type=\"widget\" data-widget_type=\"int-sec-title.default\">\n\t\t\t\t<div class=\"elementor-widget-container\">\n\t\t\t\t\t                <div class=\"section-title\">\r\n                            <h2 class=\"title xb-split-text split-in-right\">Collect digital art <br> <span>Contact us<\/span><\/h2>\r\n                    <\/div>\r\n    \t\t\t\t<\/div>\n\t\t\t\t<\/div>\n\t\t\t\t<div class=\"elementor-element elementor-element-0aadc15 elementor-widget elementor-widget-text-editor\" data-id=\"0aadc15\" data-element_type=\"widget\" data-widget_type=\"text-editor.default\">\n\t\t\t\t<div class=\"elementor-widget-container\">\n\t\t\t\t\t\t\t\t\t<p>Symbole Art est une initiative d\u00e9velopp\u00e9e au sein de Symbole Network (<a href=\"https:\/\/symbole.fr\">symbole.fr<\/a>), une soci\u00e9t\u00e9 fran\u00e7aise\u00a0fond\u00e9e par Valentin Simony (<a href=\"https:\/\/val.fr\">val.fr<\/a>)\u00a0d\u00e9di\u00e9e au digital et \u00e0 l\u2019innovation.<\/p>\t\t\t\t\t\t\t\t<\/div>\n\t\t\t\t<\/div>\n\t\t\t\t<div class=\"elementor-element elementor-element-d502c48 elementor-widget elementor-widget-int-contact-info\" data-id=\"d502c48\" data-element_type=\"widget\" data-widget_type=\"int-contact-info.default\">\n\t\t\t\t<div class=\"elementor-widget-container\">\n\t\t\t\t\t        <ul class=\"contact-location\">\r\n                            <li><h3>Adress<\/h3><span><div class=\"flex flex-grow flex-col max-w-full\"><div class=\"min-h-[20px] text-message flex flex-col items-start gap-3 whitespace-pre-wrap break-words [.text-message+&amp;]:mt-5 overflow-x-auto\" data-message-author-role=\"assistant\" data-message-id=\"0a155f61-c2be-4459-ae7e-a2623dbf31ed\"><div class=\"markdown prose w-full break-words dark:prose-invert dark\"><p>Paris \/ Coutainville<\/p><\/div><\/div><\/div><\/span><\/li>\r\n                            <li><h3>Contact<\/h3><span><div class=\"flex flex-grow flex-col max-w-full\"><div class=\"min-h-[20px] text-message flex flex-col items-start gap-3 whitespace-pre-wrap break-words [.text-message+&amp;]:mt-5 overflow-x-auto\" data-message-author-role=\"assistant\" data-message-id=\"0a155f61-c2be-4459-ae7e-a2623dbf31ed\"><div class=\"markdown prose w-full break-words dark:prose-invert dark\"><p>contact@symbole.art<\/p><\/div><\/div><\/div><\/span><\/li>\r\n                            <li><h3>Social<\/h3><span><div class=\"contact-social ul_li\"><a href=\"https:\/\/www.linkedin.com.com\/company\/symbole-network\">Linkedin<\/a> <br \/><a href=\"https:\/\/www.x.com.com\/symbole_network\">- X<\/a><\/div><\/span><\/li>\r\n                    <\/ul>\r\n        \t\t\t\t<\/div>\n\t\t\t\t<\/div>\n\t\t\t\t\t<\/div>\n\t\t<\/div>\n\t\t\t\t\t<\/div>\n\t\t<\/section>\n\t\t\t\t\t<\/div>\n\t\t<\/div>\n\t\t\t\t\t<\/div>\n\t\t<\/section>\n\t\t\t\t<\/div>\n\t\t","protected":false},"excerpt":{"rendered":"<p>Let&#039;s talk together about the new opportunities Bitcoin offers to the world of digital art Collect digital art Contact us Symbole Art est une initiative d\u00e9velopp\u00e9e au sein de Symbole Network (symbole.fr), une soci\u00e9t\u00e9 fran\u00e7aise\u00a0fond\u00e9e par Valentin Simony (val.fr)\u00a0d\u00e9di\u00e9e au digital et \u00e0 l\u2019innovation. Adress Paris \/ Coutainville Contact contact@symbole.art Social Linkedin &#8211; X<\/p>\n","protected":false},"author":1,"featured_media":0,"parent":0,"menu_order":0,"comment_status":"closed","ping_status":"closed","template":"ovix-template.php","meta":{"inline_featured_image":false,"footnotes":""},"class_list":["post-3819","page","type-page","status-publish","hentry"],"yoast_head":"<!-- This site is optimized with the Yoast SEO plugin v26.6 - https:\/\/yoast.com\/wordpress\/plugins\/seo\/ -->\n<title>Contact - Symbole Art<\/title>\n<meta name=\"robots\" content=\"index, follow, max-snippet:-1, max-image-preview:large, max-video-preview:-1\" \/>\n<link rel=\"canonical\" href=\"https:\/\/symbole.art\/en\/contact\/\" \/>\n<meta property=\"og:locale\" content=\"en_US\" \/>\n<meta property=\"og:type\" content=\"article\" \/>\n<meta property=\"og:title\" content=\"Contact - Symbole Art\" \/>\n<meta property=\"og:description\" content=\"Let&#039;s talk together about the new opportunities Bitcoin offers to the world of digital art Collect digital art Contact us Symbole Art est une initiative d\u00e9velopp\u00e9e au sein de Symbole Network (symbole.fr), une soci\u00e9t\u00e9 fran\u00e7aise\u00a0fond\u00e9e par Valentin Simony (val.fr)\u00a0d\u00e9di\u00e9e au digital et \u00e0 l\u2019innovation. Adress Paris \/ Coutainville Contact contact@symbole.art Social Linkedin &#8211; X\" \/>\n<meta property=\"og:url\" content=\"https:\/\/symbole.art\/en\/contact\/\" \/>\n<meta property=\"og:site_name\" content=\"Symbole Art\" \/>\n<meta property=\"article:modified_time\" content=\"2025-12-10T07:35:40+00:00\" \/>\n<meta name=\"twitter:card\" content=\"summary_large_image\" \/>\n<meta name=\"twitter:site\" content=\"@symbole_network\" \/>\n<meta name=\"twitter:label1\" content=\"Est. reading time\" \/>\n\t<meta name=\"twitter:data1\" content=\"1 minute\" \/>\n<script type=\"application\/ld+json\" class=\"yoast-schema-graph\">{\"@context\":\"https:\/\/schema.org\",\"@graph\":[{\"@type\":\"WebPage\",\"@id\":\"https:\/\/symbole.art\/en\/contact\/\",\"url\":\"https:\/\/symbole.art\/en\/contact\/\",\"name\":\"Contact - Symbole Art\",\"isPartOf\":{\"@id\":\"https:\/\/symbole.art\/en\/#website\"},\"datePublished\":\"2024-01-25T03:39:31+00:00\",\"dateModified\":\"2025-12-10T07:35:40+00:00\",\"breadcrumb\":{\"@id\":\"https:\/\/symbole.art\/en\/contact\/#breadcrumb\"},\"inLanguage\":\"en-US\",\"potentialAction\":[{\"@type\":\"ReadAction\",\"target\":[\"https:\/\/symbole.art\/en\/contact\/\"]}]},{\"@type\":\"BreadcrumbList\",\"@id\":\"https:\/\/symbole.art\/en\/contact\/#breadcrumb\",\"itemListElement\":[{\"@type\":\"ListItem\",\"position\":1,\"name\":\"Accueil\",\"item\":\"https:\/\/symbole.art\/en\/\"},{\"@type\":\"ListItem\",\"position\":2,\"name\":\"Contact\"}]},{\"@type\":\"WebSite\",\"@id\":\"https:\/\/symbole.art\/en\/#website\",\"url\":\"https:\/\/symbole.art\/en\/\",\"name\":\"Symbole Art\",\"description\":\"Laboratoires artistiques et exp\u00e9riences nul\u00e9riques\",\"publisher\":{\"@id\":\"https:\/\/symbole.art\/en\/#organization\"},\"potentialAction\":[{\"@type\":\"SearchAction\",\"target\":{\"@type\":\"EntryPoint\",\"urlTemplate\":\"https:\/\/symbole.art\/en\/?s={search_term_string}\"},\"query-input\":{\"@type\":\"PropertyValueSpecification\",\"valueRequired\":true,\"valueName\":\"search_term_string\"}}],\"inLanguage\":\"en-US\"},{\"@type\":\"Organization\",\"@id\":\"https:\/\/symbole.art\/en\/#organization\",\"name\":\"Symbole Art\",\"url\":\"https:\/\/symbole.art\/en\/\",\"logo\":{\"@type\":\"ImageObject\",\"inLanguage\":\"en-US\",\"@id\":\"https:\/\/symbole.art\/en\/#\/schema\/logo\/image\/\",\"url\":\"https:\/\/symbole.art\/wp-content\/uploads\/2024\/02\/4-SYMBOLES-Art-Logos-vecto-01.png\",\"contentUrl\":\"https:\/\/symbole.art\/wp-content\/uploads\/2024\/02\/4-SYMBOLES-Art-Logos-vecto-01.png\",\"width\":2017,\"height\":753,\"caption\":\"Symbole Art\"},\"image\":{\"@id\":\"https:\/\/symbole.art\/en\/#\/schema\/logo\/image\/\"},\"sameAs\":[\"https:\/\/x.com\/symbole_network\"]}]}<\/script>\n<!-- \/ Yoast SEO plugin. -->","yoast_head_json":{"title":"Contact - Symbole Art","robots":{"index":"index","follow":"follow","max-snippet":"max-snippet:-1","max-image-preview":"max-image-preview:large","max-video-preview":"max-video-preview:-1"},"canonical":"https:\/\/symbole.art\/en\/contact\/","og_locale":"en_US","og_type":"article","og_title":"Contact - Symbole Art","og_description":"Let&#039;s talk together about the new opportunities Bitcoin offers to the world of digital art Collect digital art Contact us Symbole Art est une initiative d\u00e9velopp\u00e9e au sein de Symbole Network (symbole.fr), une soci\u00e9t\u00e9 fran\u00e7aise\u00a0fond\u00e9e par Valentin Simony (val.fr)\u00a0d\u00e9di\u00e9e au digital et \u00e0 l\u2019innovation. Adress Paris \/ Coutainville Contact contact@symbole.art Social Linkedin &#8211; X","og_url":"https:\/\/symbole.art\/en\/contact\/","og_site_name":"Symbole Art","article_modified_time":"2025-12-10T07:35:40+00:00","twitter_card":"summary_large_image","twitter_site":"@symbole_network","twitter_misc":{"Est. reading time":"1 minute"},"schema":{"@context":"https:\/\/schema.org","@graph":[{"@type":"WebPage","@id":"https:\/\/symbole.art\/en\/contact\/","url":"https:\/\/symbole.art\/en\/contact\/","name":"Contact - Symbole Art","isPartOf":{"@id":"https:\/\/symbole.art\/en\/#website"},"datePublished":"2024-01-25T03:39:31+00:00","dateModified":"2025-12-10T07:35:40+00:00","breadcrumb":{"@id":"https:\/\/symbole.art\/en\/contact\/#breadcrumb"},"inLanguage":"en-US","potentialAction":[{"@type":"ReadAction","target":["https:\/\/symbole.art\/en\/contact\/"]}]},{"@type":"BreadcrumbList","@id":"https:\/\/symbole.art\/en\/contact\/#breadcrumb","itemListElement":[{"@type":"ListItem","position":1,"name":"Accueil","item":"https:\/\/symbole.art\/en\/"},{"@type":"ListItem","position":2,"name":"Contact"}]},{"@type":"WebSite","@id":"https:\/\/symbole.art\/en\/#website","url":"https:\/\/symbole.art\/en\/","name":"Symbole Art","description":"Laboratoires artistiques et exp\u00e9riences nul\u00e9riques","publisher":{"@id":"https:\/\/symbole.art\/en\/#organization"},"potentialAction":[{"@type":"SearchAction","target":{"@type":"EntryPoint","urlTemplate":"https:\/\/symbole.art\/en\/?s={search_term_string}"},"query-input":{"@type":"PropertyValueSpecification","valueRequired":true,"valueName":"search_term_string"}}],"inLanguage":"en-US"},{"@type":"Organization","@id":"https:\/\/symbole.art\/en\/#organization","name":"Symbole Art","url":"https:\/\/symbole.art\/en\/","logo":{"@type":"ImageObject","inLanguage":"en-US","@id":"https:\/\/symbole.art\/en\/#\/schema\/logo\/image\/","url":"https:\/\/symbole.art\/wp-content\/uploads\/2024\/02\/4-SYMBOLES-Art-Logos-vecto-01.png","contentUrl":"https:\/\/symbole.art\/wp-content\/uploads\/2024\/02\/4-SYMBOLES-Art-Logos-vecto-01.png","width":2017,"height":753,"caption":"Symbole Art"},"image":{"@id":"https:\/\/symbole.art\/en\/#\/schema\/logo\/image\/"},"sameAs":["https:\/\/x.com\/symbole_network"]}]}},"_links":{"self":[{"href":"https:\/\/symbole.art\/en\/wp-json\/wp\/v2\/pages\/3819","targetHints":{"allow":["GET"]}}],"collection":[{"href":"https:\/\/symbole.art\/en\/wp-json\/wp\/v2\/pages"}],"about":[{"href":"https:\/\/symbole.art\/en\/wp-json\/wp\/v2\/types\/page"}],"author":[{"embeddable":true,"href":"https:\/\/symbole.art\/en\/wp-json\/wp\/v2\/users\/1"}],"replies":[{"embeddable":true,"href":"https:\/\/symbole.art\/en\/wp-json\/wp\/v2\/comments?post=3819"}],"version-history":[{"count":7,"href":"https:\/\/symbole.art\/en\/wp-json\/wp\/v2\/pages\/3819\/revisions"}],"predecessor-version":[{"id":4201,"href":"https:\/\/symbole.art\/en\/wp-json\/wp\/v2\/pages\/3819\/revisions\/4201"}],"wp:attachment":[{"href":"https:\/\/symbole.art\/en\/wp-json\/wp\/v2\/media?parent=3819"}],"curies":[{"name":"wp","href":"https:\/\/api.w.org\/{rel}","templated":true}]}}